{"id":10,"date":"2012-02-14T13:20:19","date_gmt":"2012-02-14T13:20:19","guid":{"rendered":"http:\/\/www.patrick-lecoq.fr\/savoie\/?page_id=10"},"modified":"2013-04-06T11:55:24","modified_gmt":"2013-04-06T11:55:24","slug":"nos-competences","status":"publish","type":"page","link":"https:\/\/www.patrick-lecoq.fr\/savoie\/nos-competences\/","title":{"rendered":"Nos comp\u00e9tences"},"content":{"rendered":"<p>Nos \u00e9quipes de compagnons r\u00e9alisent, selon vos souhaits, tous types de <a title=\"Menuisier en Savoie\" href=\"http:\/\/www.patrick-lecoq.fr\/savoie\/nos-competences\/menuiserie\/\"><strong>travaux de menuiserie<\/strong><\/a> et d\u2019<a title=\"Agencement en r\u00e9novation ou travaux neuf en Savoie\" href=\"http:\/\/www.patrick-lecoq.fr\/savoie\/nos-competences\/agencement\/\"><strong>agencement en r\u00e9novation ou travaux neufs<\/strong><\/a>. Nos comp\u00e9tences techniques et notre savoir faire nous permettent de r\u00e9pondre \u00e0 vos attentes dans le style et l\u2019ambiance que vous aimez, <strong>du traditionnel au contemporain<\/strong>, que vous soyez un <strong>professionnel<\/strong> ou un <strong>particulier<\/strong>.<\/p>\n<p>Nous vous accompagnons de nos conseils en int\u00e9grant au maximum vos id\u00e9es et souhaits \u00e0 la r\u00e9alisation<br \/>\nde vos travaux.<br \/>\nPour vos <strong>travaux neufs<\/strong> et de <strong>r\u00e9novation en agencemen<\/strong>t, nous pouvons prendre en charge l\u2019int\u00e9gralit\u00e9 de votre projet et assurer la <strong>ma\u00eetrise d&rsquo;\u0153uvre<\/strong> et toute la coordination en collaboration avec des entreprises bas\u00e9es essentiellement en <strong>Tarentaise<\/strong> et en <strong>Savoie<\/strong> s\u00e9rieuses et reconnues, avec lesquelles nous travaillons r\u00e9guli\u00e8rement.<\/p>\n<p><a title=\"Menuiserie\" href=\"http:\/\/www.patrick-lecoq.fr\/savoie\/nos-competences\/menuiserie\/\"><img loading=\"lazy\" decoding=\"async\" class=\"alignnone size-full wp-image-48\" style=\"border: 0pt none; margin: 0px;\" title=\"Menuiserie\" src=\"http:\/\/www.patrick-lecoq.fr\/savoie\/wp-content\/uploads\/2012\/02\/menuiserie-lecoq-savoie-competences.jpg\" alt=\"Menuiserie en Savoie - Patrick Lecoq \u00e0 Bourg Saint Maurice\" width=\"330\" height=\"191\" srcset=\"https:\/\/www.patrick-lecoq.fr\/savoie\/wp-content\/uploads\/2012\/02\/menuiserie-lecoq-savoie-competences.jpg 330w, https:\/\/www.patrick-lecoq.fr\/savoie\/wp-content\/uploads\/2012\/02\/menuiserie-lecoq-savoie-competences-300x173.jpg 300w\" sizes=\"auto, (max-width: 330px) 100vw, 330px\" \/><\/a><a title=\"Agencement\" href=\"http:\/\/www.patrick-lecoq.fr\/savoie\/nos-competences\/agencement\/\"><img loading=\"lazy\" decoding=\"async\" class=\"alignnone size-full wp-image-49\" style=\"border: 0pt none; margin: 0px;\" title=\"Agencement\" src=\"http:\/\/www.patrick-lecoq.fr\/savoie\/wp-content\/uploads\/2012\/02\/agencement-lecoq-savoie-competences.jpg\" alt=\"Agencement d\u00e9coration en Savoie - Patrick Lecoq \u00e0 Bourg St Maurice\" width=\"330\" height=\"191\" srcset=\"https:\/\/www.patrick-lecoq.fr\/savoie\/wp-content\/uploads\/2012\/02\/agencement-lecoq-savoie-competences.jpg 330w, https:\/\/www.patrick-lecoq.fr\/savoie\/wp-content\/uploads\/2012\/02\/agencement-lecoq-savoie-competences-300x173.jpg 300w\" sizes=\"auto, (max-width: 330px) 100vw, 330px\" \/><\/a><\/p>\n<p style=\"text-align: center;\"><em>Cliquez sur les onglets <a title=\"Menuiserie neuf ou r\u00e9novation en Savoie\" href=\"http:\/\/www.patrick-lecoq.fr\/savoie\/nos-competences\/menuiserie\/\">Menuiserie<\/a> ou <a title=\"Agencement neuf et r\u00e9novation en Savoie\" href=\"http:\/\/www.patrick-lecoq.fr\/savoie\/nos-competences\/agencement\/\">Agencement<\/a> ci-dessus afin d&rsquo;acc\u00e9der aux pages concern\u00e9es.<\/em><\/p>\n","protected":false},"excerpt":{"rendered":"<p>Nos \u00e9quipes de compagnons r\u00e9alisent, selon vos souhaits, tous types de travaux de menuiserie et d\u2019agencement en r\u00e9novation ou travaux neufs. Nos comp\u00e9tences techniques et notre savoir faire nous permettent de r\u00e9pondre \u00e0 vos attentes dans le style et l\u2019ambiance &hellip; <a href=\"https:\/\/www.patrick-lecoq.fr\/savoie\/nos-competences\/\">Lire la suite <span class=\"meta-nav\">&rarr;<\/span><\/a><\/p>\n","protected":false},"author":4,"featured_media":0,"parent":0,"menu_order":20,"comment_status":"closed","ping_status":"closed","template":"","meta":{"ngg_post_thumbnail":0,"footnotes":""},"class_list":["post-10","page","type-page","status-publish","hentry"],"_links":{"self":[{"href":"https:\/\/www.patrick-lecoq.fr\/savoie\/wp-json\/wp\/v2\/pages\/10","targetHints":{"allow":["GET"]}}],"collection":[{"href":"https:\/\/www.patrick-lecoq.fr\/savoie\/wp-json\/wp\/v2\/pages"}],"about":[{"href":"https:\/\/www.patrick-lecoq.fr\/savoie\/wp-json\/wp\/v2\/types\/page"}],"author":[{"embeddable":true,"href":"https:\/\/www.patrick-lecoq.fr\/savoie\/wp-json\/wp\/v2\/users\/4"}],"replies":[{"embeddable":true,"href":"https:\/\/www.patrick-lecoq.fr\/savoie\/wp-json\/wp\/v2\/comments?post=10"}],"version-history":[{"count":13,"href":"https:\/\/www.patrick-lecoq.fr\/savoie\/wp-json\/wp\/v2\/pages\/10\/revisions"}],"predecessor-version":[{"id":170,"href":"https:\/\/www.patrick-lecoq.fr\/savoie\/wp-json\/wp\/v2\/pages\/10\/revisions\/170"}],"wp:attachment":[{"href":"https:\/\/www.patrick-lecoq.fr\/savoie\/wp-json\/wp\/v2\/media?parent=10"}],"curies":[{"name":"wp","href":"https:\/\/api.w.org\/{rel}","templated":true}]}}