{"id":2,"date":"2012-01-24T09:57:28","date_gmt":"2012-01-24T09:57:28","guid":{"rendered":"http:\/\/patrick-lecoq.fr\/savoie\/?page_id=2"},"modified":"2023-04-20T09:26:25","modified_gmt":"2023-04-20T09:26:25","slug":"qui-sommes-nous","status":"publish","type":"page","link":"https:\/\/www.patrick-lecoq.fr\/savoie\/","title":{"rendered":"Qui sommes-nous ?"},"content":{"rendered":"<div\n\t\t\t\t\tid=\"sps_slider_219_wrapper\"\n\t\t\t\t\tclass=\"sps_slider_wrapper sps_slider_fade sps_slider_width_ratio sps_slider_animation sps_slider_pause_animation\t\t\t\t\t\"\n\t\t\t\t\tdata-sps-slider=\"{&quot;id&quot;:&quot;219&quot;,&quot;template_id&quot;:&quot;sps_slider_219&quot;,&quot;slides&quot;:[220,221,222,224,223],&quot;width&quot;:644,&quot;height&quot;:350,&quot;width_percent&quot;:false,&quot;width_ratio&quot;:true,&quot;transition&quot;:&quot;fade&quot;,&quot;transition_duration&quot;:800,&quot;arrows&quot;:false,&quot;arrows_position&quot;:&quot;inside_apart_center_left&quot;,&quot;navigation&quot;:false,&quot;navigation_position&quot;:&quot;outside_bottom_middle&quot;,&quot;animation&quot;:true,&quot;animation_duration&quot;:5000,&quot;pause_animation&quot;:true,&quot;infinite&quot;:false,&quot;enable_mouse&quot;:false}\"\n\t\t\t\t><div id=\"sps_slider_219\" class=\"sps_slider\"><div class=\"sps_slide\"><img loading=\"lazy\" src=\"https:\/\/www.patrick-lecoq.fr\/savoie\/wp-content\/uploads\/2014\/08\/photo-accueil-17.jpg\" class=\"sps_img sps_img_full\" alt=\"\" decoding=\"async\" srcset=\"\" width=\"644\" height=\"350\" \/><\/div><div class=\"sps_slide\"><img loading=\"lazy\" src=\"https:\/\/www.patrick-lecoq.fr\/savoie\/wp-content\/uploads\/2015\/09\/photo-accueil-20.jpg\" class=\"sps_img sps_img_full\" alt=\"\" decoding=\"async\" srcset=\"\" width=\"644\" height=\"350\" \/><\/div><div class=\"sps_slide\"><img loading=\"lazy\" src=\"https:\/\/www.patrick-lecoq.fr\/savoie\/wp-content\/uploads\/2014\/08\/photo-accueil-18.jpg\" class=\"sps_img sps_img_full\" alt=\"\" decoding=\"async\" srcset=\"\" width=\"644\" height=\"350\" \/><\/div><div class=\"sps_slide\"><img loading=\"lazy\" src=\"https:\/\/www.patrick-lecoq.fr\/savoie\/wp-content\/uploads\/2014\/08\/photo-accueil-19.jpg\" class=\"sps_img sps_img_full\" alt=\"\" decoding=\"async\" srcset=\"\" width=\"644\" height=\"350\" \/><\/div><div class=\"sps_slide\"><img loading=\"lazy\" src=\"https:\/\/www.patrick-lecoq.fr\/savoie\/wp-content\/uploads\/2015\/09\/photo-accueil-21.jpg\" class=\"sps_img sps_img_full\" alt=\"\" decoding=\"async\" srcset=\"\" width=\"644\" height=\"350\" \/><\/div><\/div><\/div>\n<p><strong><a href=\"http:\/\/www.patrick-lecoq.fr\/savoie\/environnement\/\"><img loading=\"lazy\" decoding=\"async\" class=\"alignright wp-image-185\" style=\"margin: 15px 45px 0px 10px;\" title=\"Certification Qualibat\" src=\"http:\/\/www.patrick-lecoq.fr\/savoie\/wp-content\/uploads\/2016\/07\/logo-Qualibat-2016.jpg\" alt=\"Certification Qualibat\" width=\"127\" height=\"180\"><\/a><\/strong>De formation <a title=\"Menuisier, agenceur en Savoie - Patrick Lecoq\" href=\"http:\/\/www.patrick-lecoq.fr\/savoie\/nos-competences\/\"><strong>menuisier agenceur<\/strong>, <strong>Patrick LECOQ<\/strong><\/a> acquiert une solide exp\u00e9rience \u00e0 l\u2019\u00e9tranger<br \/>\n(<strong>agencement<\/strong> de palais aux Emirats et en Arabie Saoudite).<br \/>\nIl int\u00e8gre ensuite pendant 15 ans les \u00e9quipes de chefs de projets de Disneyland Paris&nbsp;<sup>\u00ae<\/sup> o\u00f9 il assure la ma\u00eetrise d&rsquo;\u0153uvre des <a title=\"Agencement neuf et r\u00e9novation en Savoie\" href=\"http:\/\/www.patrick-lecoq.fr\/savoie\/nos-competences\/agencement\/\"><strong>chantiers d\u2019agencement<\/strong><\/a> de boutiques et restaurants du parc \u00e0 th\u00e8me ainsi que des nombreux logements destin\u00e9s aux personnels de l\u2019entreprise Disney <sup>\u00ae<\/sup>.<\/p>\n<p><strong>La <a title=\"Menuiserie neuf ou r\u00e9novation en Savoie\" href=\"http:\/\/www.patrick-lecoq.fr\/savoie\/nos-competences\/menuiserie\/\">menuiserie Patrick LECOQ<\/a> est implant\u00e9e en Savoie<\/strong><strong> depuis 2005<\/strong><strong>,<br \/>\nsur la commune de S\u00e9ez, \u00e0 proximit\u00e9 de Bourg Saint Maurice.<\/strong><\/p>\n<p><strong>Son secteur d\u2019intervention couvre principalement les communes et stations de Tarentaise et Haute-Tarentaise (Val d&rsquo;Is\u00e8re, Tignes, Les Arcs, La Plagne, S\u00e9ez, Bourg St Maurice, Courchevel, &#8230;)<br \/>\n<\/strong><strong>ainsi que la r\u00e9gion parisienne.<\/strong><\/p>\n","protected":false},"excerpt":{"rendered":"<p>De formation menuisier agenceur, Patrick LECOQ acquiert une solide exp\u00e9rience \u00e0 l\u2019\u00e9tranger (agencement de palais aux Emirats et en Arabie Saoudite). Il int\u00e8gre ensuite pendant 15 ans les \u00e9quipes de chefs de projets de Disneyland Paris&nbsp;\u00ae o\u00f9 il assure la &hellip; <a href=\"https:\/\/www.patrick-lecoq.fr\/savoie\/\">Lire la suite <span class=\"meta-nav\">&rarr;<\/span><\/a><\/p>\n","protected":false},"author":4,"featured_media":0,"parent":0,"menu_order":0,"comment_status":"closed","ping_status":"closed","template":"","meta":{"ngg_post_thumbnail":0,"footnotes":""},"class_list":["post-2","page","type-page","status-publish","hentry"],"_links":{"self":[{"href":"https:\/\/www.patrick-lecoq.fr\/savoie\/wp-json\/wp\/v2\/pages\/2","targetHints":{"allow":["GET"]}}],"collection":[{"href":"https:\/\/www.patrick-lecoq.fr\/savoie\/wp-json\/wp\/v2\/pages"}],"about":[{"href":"https:\/\/www.patrick-lecoq.fr\/savoie\/wp-json\/wp\/v2\/types\/page"}],"author":[{"embeddable":true,"href":"https:\/\/www.patrick-lecoq.fr\/savoie\/wp-json\/wp\/v2\/users\/4"}],"replies":[{"embeddable":true,"href":"https:\/\/www.patrick-lecoq.fr\/savoie\/wp-json\/wp\/v2\/comments?post=2"}],"version-history":[{"count":24,"href":"https:\/\/www.patrick-lecoq.fr\/savoie\/wp-json\/wp\/v2\/pages\/2\/revisions"}],"predecessor-version":[{"id":225,"href":"https:\/\/www.patrick-lecoq.fr\/savoie\/wp-json\/wp\/v2\/pages\/2\/revisions\/225"}],"wp:attachment":[{"href":"https:\/\/www.patrick-lecoq.fr\/savoie\/wp-json\/wp\/v2\/media?parent=2"}],"curies":[{"name":"wp","href":"https:\/\/api.w.org\/{rel}","templated":true}]}}