{"id":8,"date":"2012-02-14T13:19:53","date_gmt":"2012-02-14T13:19:53","guid":{"rendered":"http:\/\/www.patrick-lecoq.fr\/savoie\/?page_id=8"},"modified":"2025-06-10T16:24:27","modified_gmt":"2025-06-10T16:24:27","slug":"lentreprise-en-images","status":"publish","type":"page","link":"https:\/\/www.patrick-lecoq.fr\/savoie\/lentreprise-en-images\/","title":{"rendered":"L&rsquo;entreprise en images"},"content":{"rendered":"<p><strong>La menuiserie Patrick Lecoq<\/strong> dispose de bureaux, d&rsquo;un atelier et d&rsquo;une surface de stockage de 700m<sup>2<\/sup>.<br \/>\nLes \u00e9quipes atelier et pose comptent 17 compagnons en moyenne et jusqu&rsquo;\u00e0 30 pendant les p\u00e9riodes de pointe.<\/p>\n<p><strong>Situation administrative et juridique :<\/strong><\/p>\n<p style=\"padding-left: 30px;\">&#8211; Date de cr\u00e9ation : 03\/11\/2005<br \/>\n&#8211; D\u00e9nomination sociale : EURL LECOQ<br \/>\n&#8211; Dirigeant : Monsieur Patrick LECOQ<br \/>\n&#8211; N\u00b0 de SIRET : 48463128800012<br \/>\n&#8211; N\u00b0 APE &#8211; NAF : 4332A<br \/>\n&#8211; N\u00b0 de TVA intracommunautaire : FR 64 484631288<br \/>\n&#8211; N\u00b0 registre des m\u00e9tiers : 484631288 RM 73<br \/>\n&#8211; Assurance civile d\u00e9cennale : AXA BTPlus n\u00b04180015204<\/p>\n","protected":false},"excerpt":{"rendered":"<p>La menuiserie Patrick Lecoq dispose de bureaux, d&rsquo;un atelier et d&rsquo;une surface de stockage de 700m2. Les \u00e9quipes atelier et pose comptent 17 compagnons en moyenne et jusqu&rsquo;\u00e0 30 pendant les p\u00e9riodes de pointe. Situation administrative et juridique : &#8211; &hellip; <a href=\"https:\/\/www.patrick-lecoq.fr\/savoie\/lentreprise-en-images\/\">Lire la suite <span class=\"meta-nav\">&rarr;<\/span><\/a><\/p>\n","protected":false},"author":4,"featured_media":0,"parent":0,"menu_order":10,"comment_status":"closed","ping_status":"closed","template":"","meta":{"ngg_post_thumbnail":0,"footnotes":""},"class_list":["post-8","page","type-page","status-publish","hentry"],"_links":{"self":[{"href":"https:\/\/www.patrick-lecoq.fr\/savoie\/wp-json\/wp\/v2\/pages\/8","targetHints":{"allow":["GET"]}}],"collection":[{"href":"https:\/\/www.patrick-lecoq.fr\/savoie\/wp-json\/wp\/v2\/pages"}],"about":[{"href":"https:\/\/www.patrick-lecoq.fr\/savoie\/wp-json\/wp\/v2\/types\/page"}],"author":[{"embeddable":true,"href":"https:\/\/www.patrick-lecoq.fr\/savoie\/wp-json\/wp\/v2\/users\/4"}],"replies":[{"embeddable":true,"href":"https:\/\/www.patrick-lecoq.fr\/savoie\/wp-json\/wp\/v2\/comments?post=8"}],"version-history":[{"count":20,"href":"https:\/\/www.patrick-lecoq.fr\/savoie\/wp-json\/wp\/v2\/pages\/8\/revisions"}],"predecessor-version":[{"id":233,"href":"https:\/\/www.patrick-lecoq.fr\/savoie\/wp-json\/wp\/v2\/pages\/8\/revisions\/233"}],"wp:attachment":[{"href":"https:\/\/www.patrick-lecoq.fr\/savoie\/wp-json\/wp\/v2\/media?parent=8"}],"curies":[{"name":"wp","href":"https:\/\/api.w.org\/{rel}","templated":true}]}}