{"id":92,"date":"2012-03-09T21:07:03","date_gmt":"2012-03-09T21:07:03","guid":{"rendered":"http:\/\/www.patrick-lecoq.fr\/savoie\/?page_id=92"},"modified":"2015-11-09T09:46:58","modified_gmt":"2015-11-09T09:46:58","slug":"environnement","status":"publish","type":"page","link":"https:\/\/www.patrick-lecoq.fr\/savoie\/environnement\/","title":{"rendered":"Environnement"},"content":{"rendered":"<p>&#8211; Nos principaux fournisseurs sont d\u00e9tenteurs des certifications :<\/p>\n<p style=\"padding-left: 90px;\"><a href=\"http:\/\/www.patrick-lecoq.fr\/savoie\/wp-content\/uploads\/2012\/03\/logo-pefc.jpg\"><img loading=\"lazy\" decoding=\"async\" class=\"alignnone size-medium wp-image-96\" title=\"Certification PEFC\" src=\"http:\/\/www.patrick-lecoq.fr\/savoie\/wp-content\/uploads\/2012\/03\/logo-pefc-109x200.jpg\" alt=\"Logo Certification PEFC\" width=\"109\" height=\"200\" srcset=\"https:\/\/www.patrick-lecoq.fr\/savoie\/wp-content\/uploads\/2012\/03\/logo-pefc-109x200.jpg 109w, https:\/\/www.patrick-lecoq.fr\/savoie\/wp-content\/uploads\/2012\/03\/logo-pefc.jpg 137w\" sizes=\"auto, (max-width: 109px) 100vw, 109px\" \/><\/a>\u00a0\u00a0 <a href=\"http:\/\/www.patrick-lecoq.fr\/savoie\/wp-content\/uploads\/2012\/03\/logo-fsc.jpg\"><img loading=\"lazy\" decoding=\"async\" class=\"alignnone size-medium wp-image-97\" title=\"Certification FSC\" src=\"http:\/\/www.patrick-lecoq.fr\/savoie\/wp-content\/uploads\/2012\/03\/logo-fsc-133x200.jpg\" alt=\"Logo Certification FSC\" width=\"133\" height=\"200\" srcset=\"https:\/\/www.patrick-lecoq.fr\/savoie\/wp-content\/uploads\/2012\/03\/logo-fsc-133x200.jpg 133w, https:\/\/www.patrick-lecoq.fr\/savoie\/wp-content\/uploads\/2012\/03\/logo-fsc.jpg 167w\" sizes=\"auto, (max-width: 133px) 100vw, 133px\" \/><\/a><\/p>\n<p>et signataires de la charte :<\/p>\n<p style=\"padding-left: 90px;\"><a href=\"http:\/\/www.patrick-lecoq.fr\/savoie\/wp-content\/uploads\/2012\/03\/logo-charte-menuiseries21.jpg\"><img loading=\"lazy\" decoding=\"async\" class=\"alignnone size-medium wp-image-98\" title=\"Charte Menuiseries 21\" src=\"http:\/\/www.patrick-lecoq.fr\/savoie\/wp-content\/uploads\/2012\/03\/logo-charte-menuiseries21-300x183.jpg\" alt=\"Logo Charte Menuiseries 21\" width=\"300\" height=\"183\" srcset=\"https:\/\/www.patrick-lecoq.fr\/savoie\/wp-content\/uploads\/2012\/03\/logo-charte-menuiseries21-300x183.jpg 300w, https:\/\/www.patrick-lecoq.fr\/savoie\/wp-content\/uploads\/2012\/03\/logo-charte-menuiseries21.jpg 450w\" sizes=\"auto, (max-width: 300px) 100vw, 300px\" \/><\/a><\/p>\n<p>&#8211; La gamme PVC Greenline (Menuiserie Couval \/ Hilzinger) est exempte de mat\u00e9riaux lourds.<br \/>\nSa qualit\u00e9, ses performances thermiques et acoustiques exceptionnelles contribuent activement \u00e0 la pr\u00e9servation de notre environnement.<\/p>\n<p>&#8211; Pour nos menuiseries bois\/alu, nous utilisons un aluminium enti\u00e8rement recyclable.<\/p>\n<p>&#8211; Nous valorisons par ailleurs une grande partie de nos chutes de bois en les utilisant comme bois de chauffage.<\/p>\n<p>&#8211; Certification Qualibat :<\/p>\n<p style=\"padding-left: 60px;\"><a href=\"http:\/\/www.patrick-lecoq.fr\/savoie\/wp-content\/uploads\/2012\/03\/certification-qualibat.jpg\"><img loading=\"lazy\" decoding=\"async\" class=\"alignnone size-full wp-image-188\" title=\"Certification Qualibat\" src=\"http:\/\/www.patrick-lecoq.fr\/savoie\/wp-content\/uploads\/2012\/03\/certification-qualibat.jpg\" alt=\"Certification Qualibat\" width=\"361\" height=\"550\" srcset=\"https:\/\/www.patrick-lecoq.fr\/savoie\/wp-content\/uploads\/2012\/03\/certification-qualibat.jpg 361w, https:\/\/www.patrick-lecoq.fr\/savoie\/wp-content\/uploads\/2012\/03\/certification-qualibat-131x200.jpg 131w, https:\/\/www.patrick-lecoq.fr\/savoie\/wp-content\/uploads\/2012\/03\/certification-qualibat-196x300.jpg 196w\" sizes=\"auto, (max-width: 361px) 100vw, 361px\" \/><\/a><\/p>\n","protected":false},"excerpt":{"rendered":"<p>&#8211; Nos principaux fournisseurs sont d\u00e9tenteurs des certifications : \u00a0\u00a0 et signataires de la charte : &#8211; La gamme PVC Greenline (Menuiserie Couval \/ Hilzinger) est exempte de mat\u00e9riaux lourds. Sa qualit\u00e9, ses performances thermiques et acoustiques exceptionnelles contribuent activement &hellip; <a href=\"https:\/\/www.patrick-lecoq.fr\/savoie\/environnement\/\">Lire la suite <span class=\"meta-nav\">&rarr;<\/span><\/a><\/p>\n","protected":false},"author":4,"featured_media":0,"parent":0,"menu_order":45,"comment_status":"closed","ping_status":"closed","template":"","meta":{"ngg_post_thumbnail":0,"footnotes":""},"class_list":["post-92","page","type-page","status-publish","hentry"],"_links":{"self":[{"href":"https:\/\/www.patrick-lecoq.fr\/savoie\/wp-json\/wp\/v2\/pages\/92","targetHints":{"allow":["GET"]}}],"collection":[{"href":"https:\/\/www.patrick-lecoq.fr\/savoie\/wp-json\/wp\/v2\/pages"}],"about":[{"href":"https:\/\/www.patrick-lecoq.fr\/savoie\/wp-json\/wp\/v2\/types\/page"}],"author":[{"embeddable":true,"href":"https:\/\/www.patrick-lecoq.fr\/savoie\/wp-json\/wp\/v2\/users\/4"}],"replies":[{"embeddable":true,"href":"https:\/\/www.patrick-lecoq.fr\/savoie\/wp-json\/wp\/v2\/comments?post=92"}],"version-history":[{"count":8,"href":"https:\/\/www.patrick-lecoq.fr\/savoie\/wp-json\/wp\/v2\/pages\/92\/revisions"}],"predecessor-version":[{"id":94,"href":"https:\/\/www.patrick-lecoq.fr\/savoie\/wp-json\/wp\/v2\/pages\/92\/revisions\/94"}],"wp:attachment":[{"href":"https:\/\/www.patrick-lecoq.fr\/savoie\/wp-json\/wp\/v2\/media?parent=92"}],"curies":[{"name":"wp","href":"https:\/\/api.w.org\/{rel}","templated":true}]}}